{"id":1231,"date":"2016-05-10T11:19:59","date_gmt":"2016-05-10T09:19:59","guid":{"rendered":"http:\/\/urbanef.web34.fr\/site\/?page_id=1231"},"modified":"2016-10-30T21:32:09","modified_gmt":"2016-10-30T20:32:09","slug":"deliberation-15-janvier-2016","status":"publish","type":"page","link":"https:\/\/urbanef.web34.fr\/site\/deliberation-15-janvier-2016\/","title":{"rendered":"D\u00e9lib\u00e9ration du 15 janvier 2016"},"content":{"rendered":"<p>Curieusement, dans cette d\u00e9lib\u00e9ration , il n&rsquo;est plus question du projet Senioriales, ce projet est pourtant \u00e0 l&rsquo;origine de la r\u00e9vision du PLU en cours (<a href=\"http:\/\/urbanef.web34.fr\/site\/wp-content\/uploads\/2015\/06\/D%C3%A9lib%C3%A9ration-du-28-10-2010.pdf\">voir d\u00e9cision<\/a>). Le mot \u00ab\u00a0senioriales\u00a0\u00bb est soigneusement \u00e9cart\u00e9 du propos , tout comme il sera soigneusement \u00e9vit\u00e9 tout au long de la pr\u00e9sentation du PADD en r\u00e9union publique, le mois suivant.<\/p>\n<p>Cliquez sur le lien ci dessous pour voir cette d\u00e9lib\u00e9ration<\/p>\n<p><a href=\"http:\/\/urbanef.web34.fr\/site\/wp-content\/uploads\/2016\/05\/D\u00e9lib\u00e9ration-PADD-du-15-janvier-2016.pdf\">D\u00e9lib\u00e9ration du 15 janvier 2016 (PADD)<\/a><\/p>\n","protected":false},"excerpt":{"rendered":"<p>Curieusement, dans cette d\u00e9lib\u00e9ration , il n&rsquo;est plus question du projet Senioriales, ce projet est pourtant \u00e0 l&rsquo;origine de la r\u00e9vision du PLU en cours (voir d\u00e9cision). Le mot \u00ab\u00a0senioriales\u00a0\u00bb est soigneusement \u00e9cart\u00e9 du propos , tout comme il sera soigneusement \u00e9vit\u00e9 tout au long de la pr\u00e9sentation du PADD en r\u00e9union publique, le mois &hellip;<\/p>\n","protected":false},"author":1,"featured_media":0,"parent":0,"menu_order":0,"comment_status":"closed","ping_status":"closed","template":"","meta":{"footnotes":""},"class_list":["post-1231","page","type-page","status-publish","hentry"],"_links":{"self":[{"href":"https:\/\/urbanef.web34.fr\/site\/wp-json\/wp\/v2\/pages\/1231","targetHints":{"allow":["GET"]}}],"collection":[{"href":"https:\/\/urbanef.web34.fr\/site\/wp-json\/wp\/v2\/pages"}],"about":[{"href":"https:\/\/urbanef.web34.fr\/site\/wp-json\/wp\/v2\/types\/page"}],"author":[{"embeddable":true,"href":"https:\/\/urbanef.web34.fr\/site\/wp-json\/wp\/v2\/users\/1"}],"replies":[{"embeddable":true,"href":"https:\/\/urbanef.web34.fr\/site\/wp-json\/wp\/v2\/comments?post=1231"}],"version-history":[{"count":0,"href":"https:\/\/urbanef.web34.fr\/site\/wp-json\/wp\/v2\/pages\/1231\/revisions"}],"wp:attachment":[{"href":"https:\/\/urbanef.web34.fr\/site\/wp-json\/wp\/v2\/media?parent=1231"}],"curies":[{"name":"wp","href":"https:\/\/api.w.org\/{rel}","templated":true}]}}