{"id":1717,"date":"2017-01-27T17:11:53","date_gmt":"2017-01-27T16:11:53","guid":{"rendered":"http:\/\/urbanef.web34.fr\/site\/?page_id=1717"},"modified":"2017-06-28T08:48:39","modified_gmt":"2017-06-28T06:48:39","slug":"blog-de-raymond","status":"publish","type":"page","link":"https:\/\/urbanef.web34.fr\/site\/blog-de-raymond\/","title":{"rendered":"Le Blog de Raymond"},"content":{"rendered":"<p>Bonjour et meilleurs v\u0153ux \u00e0 toutes et \u00e0 tous,<\/p>\n<p>La libert\u00e9 d&rsquo;expression est pr\u00e9cieuse, mais peu appr\u00e9ci\u00e9e des apprentis dictateurs&#8230;<\/p>\n<p>Aussi, je profite de cet espace de libert\u00e9 mis \u00e0 ma disposition par UrbaNef, et accessible dans le menu du site, sous le titre \u00ab\u00a0Le Blog de Raymond\u00a0\u00bb, pour publier mes contributions citoyennes, les lettres insoumises, ainsi que <a href=\"https:\/\/urbanef.web34.fr\/site\/category\/le-blog-de-raymond\/articles-raymond\/\">plusieurs articles<\/a>.<\/p>\n<p><img loading=\"lazy\" decoding=\"async\" src=\"https:\/\/urbanef.web34.fr\/site\/wp-content\/uploads\/2017\/06\/Le-blog-de-Raymond.png\" alt=\"Menu  - le blog de Raymond\" width=\"1045\" height=\"295\" \/>Ces contributions \u00e9crites, vous pouvez aussi les consulter sur le registre du PLU, simplement en demandant ce registre \u00e0 l&rsquo;accueil de la Mairie-Poste de Neffi\u00e8s (vous lirez d&rsquo;autres courriers censur\u00e9s)&#8230; Je vous invite \u00e0 vous d\u00e9placer pour aller consulter ce registre.<\/p>\n<p>&nbsp;<\/p>\n<p>Raymond Martin<\/p>\n","protected":false},"excerpt":{"rendered":"<p>Bonjour et meilleurs v\u0153ux \u00e0 toutes et \u00e0 tous, La libert\u00e9 d&rsquo;expression est pr\u00e9cieuse, mais peu appr\u00e9ci\u00e9e des apprentis dictateurs&#8230; Aussi, je profite de cet espace de libert\u00e9 mis \u00e0 ma disposition par UrbaNef, et accessible dans le menu du site, sous le titre \u00ab\u00a0Le Blog de Raymond\u00a0\u00bb, pour publier mes contributions citoyennes, les lettres &hellip;<\/p>\n","protected":false},"author":3,"featured_media":0,"parent":0,"menu_order":0,"comment_status":"closed","ping_status":"closed","template":"","meta":{"footnotes":""},"class_list":["post-1717","page","type-page","status-publish","hentry"],"_links":{"self":[{"href":"https:\/\/urbanef.web34.fr\/site\/wp-json\/wp\/v2\/pages\/1717","targetHints":{"allow":["GET"]}}],"collection":[{"href":"https:\/\/urbanef.web34.fr\/site\/wp-json\/wp\/v2\/pages"}],"about":[{"href":"https:\/\/urbanef.web34.fr\/site\/wp-json\/wp\/v2\/types\/page"}],"author":[{"embeddable":true,"href":"https:\/\/urbanef.web34.fr\/site\/wp-json\/wp\/v2\/users\/3"}],"replies":[{"embeddable":true,"href":"https:\/\/urbanef.web34.fr\/site\/wp-json\/wp\/v2\/comments?post=1717"}],"version-history":[{"count":0,"href":"https:\/\/urbanef.web34.fr\/site\/wp-json\/wp\/v2\/pages\/1717\/revisions"}],"wp:attachment":[{"href":"https:\/\/urbanef.web34.fr\/site\/wp-json\/wp\/v2\/media?parent=1717"}],"curies":[{"name":"wp","href":"https:\/\/api.w.org\/{rel}","templated":true}]}}