{"id":256,"date":"2015-06-09T05:32:24","date_gmt":"2015-06-09T05:32:24","guid":{"rendered":"http:\/\/urbanef.web34.fr\/site\/?page_id=256"},"modified":"2017-09-24T03:30:02","modified_gmt":"2017-09-24T01:30:02","slug":"ne-bradez-pas-vos-terrains-3","status":"publish","type":"page","link":"https:\/\/urbanef.web34.fr\/site\/ne-bradez-pas-vos-terrains-3\/","title":{"rendered":"Ne bradez pas vos terrains"},"content":{"rendered":"<h2>Ne bradez pas vos terrains !<\/h2>\n<p><span style=\"color: #0000cc\"><span style=\"font-size: large\"><b>Le prix des terrains \u00e0 Neffies et alentours<\/b><\/span><\/span><\/p>\n<p>Nous voyons un exemple \u00e0 l&rsquo;entr\u00e9e de Roujan en venant de Pouzolles, plusieurs\u00a0 centaines de logements se sont construits sur une vaste zone qui va jusqu&rsquo;\u00e0 la Route de Margon. La plupart de ces logements sont d\u00e9j\u00e0\u00a0 habit\u00e9s et se sont vendus en terrain viabilis\u00e9 non b\u00e2ti au prix 166 \u20ac le m\u00b2, pour des parcelles de 300 m\u00b2.<\/p>\n<p><img loading=\"lazy\" decoding=\"async\" class=\"alignnone\" src=\"https:\/\/urbanef.web34.fr\/site\/wp-content\/uploads\/2016\/04\/Entr\u00e9e-de-Roujan.png\" alt=\"Entr\u00e9e de Roujan\" width=\"743\" height=\"504\" \/><\/p>\n<p>Exemples de terrains constructibles non-viabilis\u00e9s<\/p>\n<p>Terrain \u00e0 88.000 \u20ac pour 643 m\u00b2, soit environ 135 \u20ac\/m\u00b2<\/p>\n<p><a href=\"http:\/\/www.immo-sudannonces.fr\/annonces\/vente\/terrain\/neffies\/1402552-vente-terrain-0-pieces.html\">http:\/\/www.immo-sudannonces.fr\/annonces\/vente\/terrain\/neffies\/1402552-vente-terrain-0-pieces.html<\/a><\/p>\n<p>Terrain \u00e0 75.000 \u20ac pour 544 m\u00b2, soit environ 137 \u20ac\/m\u00b2<\/p>\n<p><a href=\"http:\/\/www.entreparticuliers.com\/annonces-immobilieres\/terrain\/a-vendre\/neffies_34320\/4T21765250.html\">http:\/\/www.entreparticuliers.com\/annonces-immobilieres\/terrain\/a-vendre\/neffies_34320\/4T21765250.html<\/a><\/p>\n<p>Terrain \u00e0 119.000 \u20ac pour 1034 m\u00b2, soit environ 115 \u20ac\/m\u00b2<\/p>\n<p><a href=\"http:\/\/www.immo-sudannonces.fr\/annonces\/vente\/terrain\/neffies\/120174-vente-terrain-0-pieces.html\">http:\/\/www.immo-sudannonces.fr\/annonces\/vente\/terrain\/neffies\/120174-vente-terrain-0-pieces.html<\/a><\/p>\n<p>Terrain \u00e0 249.600 \u20ac pour 1845 m\u00b2, soit environ 135 \u20ac\/m\u00b2<\/p>\n<p><a href=\"http:\/\/www.paruvendu.fr\/immobilier\/vente\/terrain\/neffies-34320\/1200863015A1KIVHTE000\">http:\/\/www.paruvendu.fr\/immobilier\/vente\/terrain\/neffies-34320\/1200863015A1KIVHTE000<\/a><\/p>\n<p>Terrain \u00e0 148\u00a0.000 \u20ac pour 2080 m\u00b2, soit environ 70 \u20ac\/m\u00b2<\/p>\n<p><a href=\"http:\/\/www.immo-sudannonces.fr\/annonces\/vente\/terrain\/neffies\/120149-vente-terrain-0-pieces.html\">http:\/\/www.immo-sudannonces.fr\/annonces\/vente\/terrain\/neffies\/120149-vente-terrain-0-pieces.html<\/a><\/p>\n<p>Plus le terrain est grand, plus son prix au m\u00b2 baisse, 600 m\u00b2 est une bonne surface.<\/p>\n<p>Une division parcellaire ne co\u00fbte pas tr\u00e8s cher. Renseignez vous aupr\u00e8s d&rsquo;un g\u00e9om\u00e8tre expert<\/p>\n<p>La viabilisation co\u00fbte entre 15 et 45 \u20ac\/m\u00b2<\/p>\n<p>Le prix du terrain viabilis\u00e9, avec les arriv\u00e9es d&rsquo;eau et d&rsquo;assainissement, EDF, Telecom, pr\u00eat \u00e0 construire est de 140 \u00e0 180 \u20ac\/m\u00b2 \u00e0 Neffies.<\/p>\n<p><span style=\"color: #ff0000\"><strong>L&rsquo;immobilier explose dans toute la r\u00e9gion.<\/strong><\/span><\/p>\n<p><a href=\"https:\/\/www.insee.fr\/fr\/statistiques\/1285703\">https:\/\/www.insee.fr\/fr\/statistiques\/fichier\/version-html\/1285703\/la_ina_08.pdf<\/a><\/p>\n<p><span style=\"color: #0000cc\"><b>Ne bradez pas vos terrains, lorsqu&rsquo;ils seront vendus, vos enfants ne les auront plus\u00a0! <\/b><\/span><\/p>\n<p>Association UrbaNef<br \/>\nMairie de Neffies<br \/>\n34320 &#8211; Neffies<\/p>\n<p>Tel: 04 99 57 00 92<br \/>\nMail: urbanef@orange.fr<br \/>\nsite: <a href=\"http:\/\/urbanef.web34.fr\/site\/\">http:\/\/urbanef.neffi.es<\/a><\/p>\n<p>&nbsp;<\/p>\n<p>*Note*<\/p>\n<p>L&rsquo;association Urbanef, qui n&rsquo;est pas dans l&rsquo;\u00e9quipe municipale, et <a href=\"http:\/\/urbanef.web34.fr\/site\/a-propos-de-l-association-urbanef\/\">qui n&rsquo;a pas de vocation commerciale<\/a>, revendique ces informations citoyennes, destin\u00e9es \u00e0 pallier les d\u00e9rives pass\u00e9es de certains \u00e9lus, non agriculteurs, qui ont construit \u00e0 Neffies parce qu&rsquo;ils ont pu n\u00e9gocier avec des agriculteurs seniors, l&rsquo;acquisition de terrains \u00e0 un prix d\u00e9risoire (moins de 4 \u20ac le m\u00b2).<\/p>\n<p>Parfois revendus seulement quelques ann\u00e9es apr\u00e8s leur acquisition, ces terrains leur ont permis de r\u00e9aliser une belle culbute financi\u00e8re tout \u00e0 fait personnelle.<\/p>\n<p>Ne vous faites plus avoir par des gens qui cherchent\u00a0 \u00e0 vous d\u00e9poss\u00e9der \u00e0 moindre frais de vos biens et de vos terres. Prenez le temps de vous renseigner. Informez vous plut\u00f4t deux fois qu&rsquo;une, et <strong>v\u00e9rifiez<\/strong> soigneusement vos informations.<\/p>\n","protected":false},"excerpt":{"rendered":"<p>Ne bradez pas vos terrains ! Le prix des terrains \u00e0 Neffies et alentours Nous voyons un exemple \u00e0 l&rsquo;entr\u00e9e de Roujan en venant de Pouzolles, plusieurs\u00a0 centaines de logements se sont construits sur une vaste zone qui va jusqu&rsquo;\u00e0 la Route de Margon. La plupart de ces logements sont d\u00e9j\u00e0\u00a0 habit\u00e9s et se sont &hellip;<\/p>\n","protected":false},"author":1,"featured_media":0,"parent":0,"menu_order":0,"comment_status":"open","ping_status":"open","template":"","meta":{"footnotes":""},"class_list":["post-256","page","type-page","status-publish","hentry"],"_links":{"self":[{"href":"https:\/\/urbanef.web34.fr\/site\/wp-json\/wp\/v2\/pages\/256","targetHints":{"allow":["GET"]}}],"collection":[{"href":"https:\/\/urbanef.web34.fr\/site\/wp-json\/wp\/v2\/pages"}],"about":[{"href":"https:\/\/urbanef.web34.fr\/site\/wp-json\/wp\/v2\/types\/page"}],"author":[{"embeddable":true,"href":"https:\/\/urbanef.web34.fr\/site\/wp-json\/wp\/v2\/users\/1"}],"replies":[{"embeddable":true,"href":"https:\/\/urbanef.web34.fr\/site\/wp-json\/wp\/v2\/comments?post=256"}],"version-history":[{"count":0,"href":"https:\/\/urbanef.web34.fr\/site\/wp-json\/wp\/v2\/pages\/256\/revisions"}],"wp:attachment":[{"href":"https:\/\/urbanef.web34.fr\/site\/wp-json\/wp\/v2\/media?parent=256"}],"curies":[{"name":"wp","href":"https:\/\/api.w.org\/{rel}","templated":true}]}}