{"id":490,"date":"2015-04-06T17:04:42","date_gmt":"2015-04-06T15:04:42","guid":{"rendered":"http:\/\/urbanef.web34.fr\/site\/?page_id=490"},"modified":"2018-04-03T15:51:30","modified_gmt":"2018-04-03T13:51:30","slug":"presentation","status":"publish","type":"page","link":"https:\/\/urbanef.web34.fr\/site\/","title":{"rendered":"Pr\u00e9sentations"},"content":{"rendered":"<h1><span style=\"color: #ff6600\">Association UrbaNef<br \/>\n<\/span><\/h1>\n<p>Pour un urbanisme coh\u00e9rent \u00e0 Neffies<\/p>\n<p>Pour comprendre la r\u00e9vision du PLU en cours depuis 2010,<br \/>\net aider \u00e0 redessiner le village pour les d\u00e9cennies \u00e0 venir\u00a0?<\/p>\n<p>Ensemble pour trouver des solutions utiles, durables et coh\u00e9rentes<\/p>\n<p>&#8211; Aux probl\u00e8mes de d\u00e9placements pi\u00e9tons, cyclistes et camions<br \/>\n&#8211; Au probl\u00e8me du stationnement qui se complique dans le village<br \/>\n&#8211; Pour r\u00e9duire la signalisation et le bornage excessif dans le village<br \/>\n&#8211; Pour permettre de se loger plus pr\u00e8s de Roujan et de nos n\u00e9cessit\u00e9s<br \/>\n&#8211; Pour r\u00e9duire et faciliter les d\u00e9placements quotidiens des villageois<\/p>\n<figure style=\"width: 531px\" class=\"wp-caption alignnone\"><a href=\"http:\/\/urbanef.web34.fr\/site\/wp-content\/uploads\/2016\/08\/Traverse-sud-alternative.png\"><img loading=\"lazy\" decoding=\"async\" src=\"https:\/\/urbanef.web34.fr\/site\/wp-content\/uploads\/2016\/08\/Traverse-sud-alternative.png\" alt=\"projet de voirie propos\u00e9 par UrbaNef\" width=\"531\" height=\"455\" \/><\/a><figcaption class=\"wp-caption-text\">Projet de voirie cons\u00e9cutif aux d\u00e9cisions municipales valid\u00e9es en d\u00e9lib\u00e9ration<\/figcaption><\/figure>\n<p><a href=\"http:\/\/urbanef.web34.fr\/site\/a-propos-de-l-association-urbanef\/\">Plus d&rsquo;informations sur l\u2019association<\/a><\/p>\n<p>(english) <a href=\"http:\/\/urbanef.web34.fr\/site\/about-urbanef\/\">More information about us<\/a><\/p>\n","protected":false},"excerpt":{"rendered":"<p>Association UrbaNef Pour un urbanisme coh\u00e9rent \u00e0 Neffies Pour comprendre la r\u00e9vision du PLU en cours depuis 2010, et aider \u00e0 redessiner le village pour les d\u00e9cennies \u00e0 venir\u00a0? Ensemble pour trouver des solutions utiles, durables et coh\u00e9rentes &#8211; Aux probl\u00e8mes de d\u00e9placements pi\u00e9tons, cyclistes et camions &#8211; Au probl\u00e8me du stationnement qui se complique &hellip;<\/p>\n","protected":false},"author":1,"featured_media":0,"parent":0,"menu_order":0,"comment_status":"closed","ping_status":"closed","template":"","meta":{"footnotes":""},"class_list":["post-490","page","type-page","status-publish","hentry"],"_links":{"self":[{"href":"https:\/\/urbanef.web34.fr\/site\/wp-json\/wp\/v2\/pages\/490","targetHints":{"allow":["GET"]}}],"collection":[{"href":"https:\/\/urbanef.web34.fr\/site\/wp-json\/wp\/v2\/pages"}],"about":[{"href":"https:\/\/urbanef.web34.fr\/site\/wp-json\/wp\/v2\/types\/page"}],"author":[{"embeddable":true,"href":"https:\/\/urbanef.web34.fr\/site\/wp-json\/wp\/v2\/users\/1"}],"replies":[{"embeddable":true,"href":"https:\/\/urbanef.web34.fr\/site\/wp-json\/wp\/v2\/comments?post=490"}],"version-history":[{"count":0,"href":"https:\/\/urbanef.web34.fr\/site\/wp-json\/wp\/v2\/pages\/490\/revisions"}],"wp:attachment":[{"href":"https:\/\/urbanef.web34.fr\/site\/wp-json\/wp\/v2\/media?parent=490"}],"curies":[{"name":"wp","href":"https:\/\/api.w.org\/{rel}","templated":true}]}}