{"id":77,"date":"2015-06-07T19:21:44","date_gmt":"2015-06-07T19:21:44","guid":{"rendered":"http:\/\/urbanef.web34.fr\/site\/?page_id=77"},"modified":"2016-05-09T00:53:03","modified_gmt":"2016-05-08T22:53:03","slug":"reflexion-sur-le-devenir-de-neffies","status":"publish","type":"page","link":"https:\/\/urbanef.web34.fr\/site\/reflexion-sur-le-devenir-de-neffies\/","title":{"rendered":"R\u00e9flexion sur le devenir de Neffi\u00e8s"},"content":{"rendered":"<p align=\"center\"><span style=\"color: #000080;\"><span style=\"font-size: x-large;\">R\u00e9flexion sur le devenir de Neffi\u00e8s<\/span><\/span><\/p>\n<p align=\"left\">Au cours de la derni\u00e8re d\u00e9cennie, presque tous les villages de notre belle r\u00e9gion ont suivi une dynamique de d\u00e9veloppement \u00e9conomique et touristique avec pour effet l&rsquo;expansion d\u00e9mographique que nous observons sur les communes riveraines des alentours.<\/p>\n<p align=\"left\">Roujan ou Caux ont vu leur population doubler, Margon a tripl\u00e9, les autres communes ne sont pas en reste. Il n&rsquo;y a qu&rsquo;\u00e0 aller faire un tour du cot\u00e9 de Laurens, Magalas, St Geni\u00e8s ou Murviel pour prendre la mesure des travaux consid\u00e9rables qui ont \u00e9t\u00e9 entrepris dans ces villages qui sont devenus des petites villes. Cette dynamique est propre \u00e0 toute la r\u00e9gion.<\/p>\n<p align=\"left\">Rien d&rsquo;\u00e9tonnant \u00e0 cela. Notre r\u00e9gion est tr\u00e8s pris\u00e9e par les europ\u00e9ens du nord et les anglais qui s&rsquo;y \u00e9tablissent de plus en plus pour pouvoir profiter \u00e0 domicile d&rsquo;un climat agr\u00e9able, de la proximit\u00e9 de la mer et de la campagne, d&rsquo;une diversit\u00e9 paysag\u00e8re rare, avec des point de vues imprenables qui changent au gr\u00e9 des saisons, des promenades agr\u00e9ables et vari\u00e9es.<\/p>\n<p align=\"left\">La r\u00e9gion est riche en \u00e9v\u00e9nementiel artistique, musique, spectacles et sorties.<\/p>\n<p align=\"left\">La France est le pays le plus visit\u00e9 au monde, et on verra encore longtemps des nouveaux arrivants qui choisiront notre r\u00e9gion pour y \u00e9lire domicile. La c\u00f4te d&rsquo;azur devient trop ch\u00e8re, satur\u00e9e et pass\u00e9e de mode, mais notre r\u00e9gion est encore tr\u00e8s abordable pour les \u00e9trangers, dont certains sont retrait\u00e9s, amateurs de vin et d&rsquo;art, d\u00e9sireux de b\u00e9n\u00e9ficier de la proximit\u00e9 et de la qualit\u00e9 des services de sant\u00e9 ainsi que des nombreux loisirs accessibles localement.<\/p>\n<p align=\"left\">Ce ph\u00e9nom\u00e8ne migratoire va continuer. La population va augmenter dans toute la r\u00e9gion et les infrastructures vont suivre dans les villages qui sauront s&rsquo;adapter. Ainsi, \u00e0 Roujan on a vu depuis 2010 se r\u00e9aliser en trois ou quatre ans un supermarch\u00e9, un centre m\u00e9dical, une zone d&rsquo;activit\u00e9 commerciale, un coll\u00e8ge et plusieurs centaines de logements construits ou en cours.<\/p>\n<p align=\"left\">A Font\u00e8s, une nouvelle maison de retraite a vu le jour, il y a un nouveau caveau \u00e0 la cave coop\u00e9rative, une pharmacie. A Neffi\u00e8s, un projet de r\u00e9sidences senior, accueilli \u00e0 l&rsquo;unanimit\u00e9 par la municipalit\u00e9 a \u00e9t\u00e9 annonc\u00e9 \u00e0 la population, la r\u00e9vision du plan d&rsquo;urbanisme, n\u00e9cessaire pour r\u00e9aliser ce projet a \u00e9t\u00e9 d\u00e9cid\u00e9e et actuellement un nouveau projet d&rsquo;urbanisme coh\u00e9rent au sud de Neffies est \u00e0 l&rsquo;\u00e9tude et a \u00e9t\u00e9 propos\u00e9 \u00e0 la municipalit\u00e9 au mois de septembre.<\/p>\n<p align=\"left\">Pour Neffi\u00e8s, qui est adoss\u00e9 au relief cot\u00e9 nord et situ\u00e9 en bordure des zones actives, l&rsquo;orientation vitale du village vers le sud va progressivement transformer le village, partiellement, en village dortoir satellite, annexe paisible de la ville de Roujan situ\u00e9e \u00e0 proximit\u00e9, \u00e0 moins de deux minutes en voiture depuis le cot\u00e9 sud de Neffi\u00e8s.<\/p>\n<p align=\"left\">La plupart des habitants de Neffi\u00e8s prennent au quotidien la route de Roujan ou de Caux, que ce soit pour aller au travail ou pour faire les courses, pour aller au coll\u00e8ge ou au lyc\u00e9e, pour aller aux centres de soins, \u00e0 la pharmacie, \u00e0 la banque ou \u00e0 la poste, on se rend d&rsquo;abord \u00e0 Roujan, et \u00e9ventuellement ensuite \u00e0 P\u00e9zenas ou \u00e0 B\u00e9ziers.<\/p>\n<p align=\"left\">Pour des raisons pratiques bien compr\u00e9hensibles le cot\u00e9 sud de Neffi\u00e8s sera privil\u00e9gi\u00e9, surtout si l&rsquo;on peut \u00e9viter de traverser une partie du village, avec les dos d&rsquo;\u00e2nes, les croisements dangereux, les r\u00e9tr\u00e9cissements et les probl\u00e8mes de stationnement et de circulation, a fortiori si c&rsquo;est \u00e0 l&rsquo;heure de l&rsquo;\u00e9cole ou du ramassage des ordures. La travers\u00e9e de Neffi\u00e8s est devenue moins ais\u00e9e au point que certains r\u00e9sidents passent par la route de Font\u00e8s et empruntent les traverses entre vignes pour sortir de Neffies au plus court.<\/p>\n<p align=\"left\">Le nouveau projet d&rsquo;urbanisme coh\u00e9rent au sud de Neffi\u00e8s va tenter de r\u00e9pondre \u00e0 cette probl\u00e9matique et de satisfaire aux besoins de l&rsquo;ensemble de la population, pour ceux qui souhaitent vivre en toute tranquillit\u00e9 au c\u0153ur du village, avec une circulation r\u00e9duite, et davantage de stationnement, et aussi pour ceux qui pr\u00e9f\u00e9reraient habiter sur le cot\u00e9 sud de Neffi\u00e8s, situ\u00e9 au plus pr\u00e8s de leurs besoins et de leurs activit\u00e9s. Chacun y trouverait son compte.<\/p>\n<p align=\"left\"><a href=\"http:\/\/urbanef.web34.fr\/site\/wp-content\/uploads\/2015\/06\/thoughts_about_neffies_becoming.pdf\">Read this document in english<\/a><\/p>\n","protected":false},"excerpt":{"rendered":"<p>R\u00e9flexion sur le devenir de Neffi\u00e8s Au cours de la derni\u00e8re d\u00e9cennie, presque tous les villages de notre belle r\u00e9gion ont suivi une dynamique de d\u00e9veloppement \u00e9conomique et touristique avec pour effet l&rsquo;expansion d\u00e9mographique que nous observons sur les communes riveraines des alentours. Roujan ou Caux ont vu leur population doubler, Margon a tripl\u00e9, les &hellip;<\/p>\n","protected":false},"author":1,"featured_media":0,"parent":0,"menu_order":0,"comment_status":"open","ping_status":"open","template":"","meta":{"footnotes":""},"class_list":["post-77","page","type-page","status-publish","hentry"],"_links":{"self":[{"href":"https:\/\/urbanef.web34.fr\/site\/wp-json\/wp\/v2\/pages\/77","targetHints":{"allow":["GET"]}}],"collection":[{"href":"https:\/\/urbanef.web34.fr\/site\/wp-json\/wp\/v2\/pages"}],"about":[{"href":"https:\/\/urbanef.web34.fr\/site\/wp-json\/wp\/v2\/types\/page"}],"author":[{"embeddable":true,"href":"https:\/\/urbanef.web34.fr\/site\/wp-json\/wp\/v2\/users\/1"}],"replies":[{"embeddable":true,"href":"https:\/\/urbanef.web34.fr\/site\/wp-json\/wp\/v2\/comments?post=77"}],"version-history":[{"count":0,"href":"https:\/\/urbanef.web34.fr\/site\/wp-json\/wp\/v2\/pages\/77\/revisions"}],"wp:attachment":[{"href":"https:\/\/urbanef.web34.fr\/site\/wp-json\/wp\/v2\/media?parent=77"}],"curies":[{"name":"wp","href":"https:\/\/api.w.org\/{rel}","templated":true}]}}