{"id":81,"date":"2015-06-07T19:23:53","date_gmt":"2015-06-07T19:23:53","guid":{"rendered":"http:\/\/urbanef.web34.fr\/site\/?page_id=81"},"modified":"2016-10-30T21:32:09","modified_gmt":"2016-10-30T20:32:09","slug":"analyses-insee-fevrier-2015","status":"publish","type":"page","link":"https:\/\/urbanef.web34.fr\/site\/analyses-insee-fevrier-2015\/","title":{"rendered":"Analyses INSEE f\u00e9vrier 2015"},"content":{"rendered":"<h2>Analyses INSEE f\u00e9vrier 2015<\/h2>\n<p><a href=\"http:\/\/urbanef.web34.fr\/site\/wp-content\/uploads\/2015\/06\/iaf15.png\"><img loading=\"lazy\" decoding=\"async\" class=\"alignleft wp-image-19 size-medium\" src=\"http:\/\/urbanef.web34.fr\/site\/wp-content\/uploads\/2015\/06\/iaf15-300x246.png\" alt=\"Analyses INSEE f\u00e9vrier 2015\" width=\"300\" height=\"246\" srcset=\"https:\/\/urbanef.web34.fr\/site\/wp-content\/uploads\/2015\/06\/iaf15-300x246.png 300w, https:\/\/urbanef.web34.fr\/site\/wp-content\/uploads\/2015\/06\/iaf15.png 999w\" sizes=\"auto, (max-width: 300px) 100vw, 300px\" \/><\/a>Vous pouvez consulter le document source complet <a href=\"http:\/\/www.insee.fr\/fr\/insee_regions\/languedoc\/themes\/insee-analyses\/la_ina_08\/la_ina_08.pdf\">sur le site de l&rsquo;INSEE<\/a><\/p>\n<p>L&rsquo;association UrbaNef s&rsquo;inscrit dans cette r\u00e9alit\u00e9 r\u00e9gionale afin que Neffies puisse s&rsquo;adapter\u00a0 et s&rsquo;ouvrir \u00e0 l&rsquo;\u00e9volution actuelle.<\/p>\n<p>Il faut vivre avec son temps et avec son environnement.<\/p>\n<p>&nbsp;<\/p>\n<p>&nbsp;<\/p>\n","protected":false},"excerpt":{"rendered":"<p>Analyses INSEE f\u00e9vrier 2015 Vous pouvez consulter le document source complet sur le site de l&rsquo;INSEE L&rsquo;association UrbaNef s&rsquo;inscrit dans cette r\u00e9alit\u00e9 r\u00e9gionale afin que Neffies puisse s&rsquo;adapter\u00a0 et s&rsquo;ouvrir \u00e0 l&rsquo;\u00e9volution actuelle. Il faut vivre avec son temps et avec son environnement. &nbsp; &nbsp;<\/p>\n","protected":false},"author":1,"featured_media":0,"parent":0,"menu_order":0,"comment_status":"closed","ping_status":"open","template":"","meta":{"footnotes":""},"class_list":["post-81","page","type-page","status-publish","hentry"],"_links":{"self":[{"href":"https:\/\/urbanef.web34.fr\/site\/wp-json\/wp\/v2\/pages\/81","targetHints":{"allow":["GET"]}}],"collection":[{"href":"https:\/\/urbanef.web34.fr\/site\/wp-json\/wp\/v2\/pages"}],"about":[{"href":"https:\/\/urbanef.web34.fr\/site\/wp-json\/wp\/v2\/types\/page"}],"author":[{"embeddable":true,"href":"https:\/\/urbanef.web34.fr\/site\/wp-json\/wp\/v2\/users\/1"}],"replies":[{"embeddable":true,"href":"https:\/\/urbanef.web34.fr\/site\/wp-json\/wp\/v2\/comments?post=81"}],"version-history":[{"count":0,"href":"https:\/\/urbanef.web34.fr\/site\/wp-json\/wp\/v2\/pages\/81\/revisions"}],"wp:attachment":[{"href":"https:\/\/urbanef.web34.fr\/site\/wp-json\/wp\/v2\/media?parent=81"}],"curies":[{"name":"wp","href":"https:\/\/api.w.org\/{rel}","templated":true}]}}