{"id":85,"date":"2015-06-07T19:26:04","date_gmt":"2015-06-07T19:26:04","guid":{"rendered":"http:\/\/urbanef.web34.fr\/site\/?page_id=85"},"modified":"2016-10-30T21:32:09","modified_gmt":"2016-10-30T20:32:09","slug":"deliberation-du-28-octobre-2010","status":"publish","type":"page","link":"https:\/\/urbanef.web34.fr\/site\/deliberation-du-28-octobre-2010\/","title":{"rendered":"D\u00e9lib\u00e9ration du 28 octobre 2010"},"content":{"rendered":"<p>Cliquez sur le lien ci dessous pour voir le document<\/p>\n<p><a href=\"http:\/\/urbanef.web34.fr\/site\/wp-content\/uploads\/2015\/06\/D\u00e9lib\u00e9ration-du-28-10-2010.pdf\">D\u00e9lib\u00e9ration du 28-10-2010 (Origine de la r\u00e9vision du PLU)<\/a><\/p>\n","protected":false},"excerpt":{"rendered":"<p>Cliquez sur le lien ci dessous pour voir le document D\u00e9lib\u00e9ration du 28-10-2010 (Origine de la r\u00e9vision du PLU)<\/p>\n","protected":false},"author":1,"featured_media":0,"parent":0,"menu_order":0,"comment_status":"closed","ping_status":"open","template":"","meta":{"footnotes":""},"class_list":["post-85","page","type-page","status-publish","hentry"],"_links":{"self":[{"href":"https:\/\/urbanef.web34.fr\/site\/wp-json\/wp\/v2\/pages\/85","targetHints":{"allow":["GET"]}}],"collection":[{"href":"https:\/\/urbanef.web34.fr\/site\/wp-json\/wp\/v2\/pages"}],"about":[{"href":"https:\/\/urbanef.web34.fr\/site\/wp-json\/wp\/v2\/types\/page"}],"author":[{"embeddable":true,"href":"https:\/\/urbanef.web34.fr\/site\/wp-json\/wp\/v2\/users\/1"}],"replies":[{"embeddable":true,"href":"https:\/\/urbanef.web34.fr\/site\/wp-json\/wp\/v2\/comments?post=85"}],"version-history":[{"count":0,"href":"https:\/\/urbanef.web34.fr\/site\/wp-json\/wp\/v2\/pages\/85\/revisions"}],"wp:attachment":[{"href":"https:\/\/urbanef.web34.fr\/site\/wp-json\/wp\/v2\/media?parent=85"}],"curies":[{"name":"wp","href":"https:\/\/api.w.org\/{rel}","templated":true}]}}