{"id":957,"date":"2016-03-20T17:36:11","date_gmt":"2016-03-20T16:36:11","guid":{"rendered":"http:\/\/urbanef.web34.fr\/site\/?page_id=957"},"modified":"2018-01-10T17:52:43","modified_gmt":"2018-01-10T16:52:43","slug":"larnaque-de-rue-molinier","status":"publish","type":"page","link":"https:\/\/urbanef.web34.fr\/site\/larnaque-de-rue-molinier\/","title":{"rendered":"L&rsquo;arnaque de la rue Molinier"},"content":{"rendered":"<p align=\"center\"><span style=\"font-size: xx-large\">L&rsquo;arnaque de la rue Molinier<\/span><\/p>\n<p align=\"left\"><span style=\"font-size: medium\">En 2003, la municipalit\u00e9 avait achet\u00e9 \u00e0 un neffiessois une maison situ\u00e9e dans la rue Molinier pour un montant de 13.000 \u20ac, soi-disant pour r\u00e9aliser une \u00ab\u00a0Maison des associations\u00a0\u00bb ainsi qu&rsquo;une biblioth\u00e8que. La vente avait \u00e9t\u00e9 r\u00e9alis\u00e9e chez ma\u00eetre Bancal, notaire \u00e0 Roujan.<\/span><\/p>\n<p align=\"left\"><span style=\"font-size: medium\">Peu de temps avant, la mairie avait men\u00e9 une pr\u00e9emption au motif d&rsquo;int\u00e9r\u00eat public sur une maison mitoyenne dans la m\u00eame rue qui \u00e9tait en train de se vendre \u00e0 des priv\u00e9s. Le motif semblait fond\u00e9 puisque cette maison devait faire partie du projet de la Mairie \u00ab\u00a0Maison des Associations\u00a0\u00bb, annonc\u00e9 en r\u00e9union publique.<\/span><\/p>\n<p align=\"left\"><span style=\"font-size: medium\"><img loading=\"lazy\" decoding=\"async\" class=\"alignright\" src=\"http:\/\/urbanef.web34.fr\/site\/wp-content\/uploads\/2016\/03\/Extrait-BIM-Nov-2002.png\" alt=\"\" width=\"532\" height=\"280\" \/>L&rsquo;information avait \u00e9t\u00e9 retrouv\u00e9e dans les boites aux lettres avec le bulletin d&rsquo;informations municipales de novembre 2002 ci contre\u00a0:<\/span><\/p>\n<p align=\"left\"><span style=\"color: #000099;font-size: 12pt\"><i>Nous comptions encore en Francs \u00e0 l&rsquo;\u00e9poque<\/i><\/span><\/p>\n<p align=\"left\"><span style=\"font-size: medium\">Cette information avait aussi \u00e9t\u00e9 publi\u00e9e sur le bulletin d&rsquo;information de juillet 2003 ci dessous\u00a0:<\/span><\/p>\n<p align=\"left\"><img decoding=\"async\" title=\"\" src=\"http:\/\/urbanef.web34.fr\/site\/wp-content\/uploads\/2016\/03\/Extrait-BIM-nov-2002.png\" alt=\"\" \/><\/p>\n<p align=\"left\"><span style=\"font-size: medium\">Cependant, ce projet de \u00ab\u00a0Maison des associations\u00a0\u00bb n&rsquo;a jamais \u00e9t\u00e9 r\u00e9alis\u00e9 par la suite et les deux maisons qui avaient \u00e9t\u00e9 achet\u00e9es pour 22.867 \u20ac en 2002 et 2003 ont \u00e9t\u00e9 revendues \u00e0 un priv\u00e9 pour la somme de 60.000 \u20ac, avec une commission de 5000 euros \u00e0 l&rsquo;agence immobili\u00e8re. <\/span><\/p>\n<p align=\"left\"><img decoding=\"async\" title=\"\" src=\"http:\/\/urbanef.web34.fr\/site\/wp-content\/uploads\/2016\/03\/Vente-de-la-Maison-Molinier.png\" alt=\"\" \/><\/p>\n<p align=\"left\"><span style=\"font-size: medium\">Comment faire confiance aux projets annonc\u00e9s et aux belles paroles de la Mairie\u00a0?<\/span><\/p>\n<p align=\"left\"><span style=\"font-size: medium\">L&rsquo;histoire s&rsquo;est r\u00e9p\u00e9t\u00e9e quelques ann\u00e9es plus tard selon le m\u00eame modus operandi, \u00e0 quelque variante pr\u00e8s, avec le projet des Senioriales annonc\u00e9 en grandes pompes et retir\u00e9 en catimini par cette m\u00eame \u00e9quipe municipale dont les principaux ex\u00e9cutants sont les m\u00eames depuis plus de 15 ans.<br \/>\n<\/span><\/p>\n","protected":false},"excerpt":{"rendered":"<p>L&rsquo;arnaque de la rue Molinier En 2003, la municipalit\u00e9 avait achet\u00e9 \u00e0 un neffiessois une maison situ\u00e9e dans la rue Molinier pour un montant de 13.000 \u20ac, soi-disant pour r\u00e9aliser une \u00ab\u00a0Maison des associations\u00a0\u00bb ainsi qu&rsquo;une biblioth\u00e8que. La vente avait \u00e9t\u00e9 r\u00e9alis\u00e9e chez ma\u00eetre Bancal, notaire \u00e0 Roujan. Peu de temps avant, la mairie avait &hellip;<\/p>\n","protected":false},"author":1,"featured_media":0,"parent":0,"menu_order":0,"comment_status":"open","ping_status":"closed","template":"","meta":{"footnotes":""},"class_list":["post-957","page","type-page","status-publish","hentry"],"_links":{"self":[{"href":"https:\/\/urbanef.web34.fr\/site\/wp-json\/wp\/v2\/pages\/957","targetHints":{"allow":["GET"]}}],"collection":[{"href":"https:\/\/urbanef.web34.fr\/site\/wp-json\/wp\/v2\/pages"}],"about":[{"href":"https:\/\/urbanef.web34.fr\/site\/wp-json\/wp\/v2\/types\/page"}],"author":[{"embeddable":true,"href":"https:\/\/urbanef.web34.fr\/site\/wp-json\/wp\/v2\/users\/1"}],"replies":[{"embeddable":true,"href":"https:\/\/urbanef.web34.fr\/site\/wp-json\/wp\/v2\/comments?post=957"}],"version-history":[{"count":0,"href":"https:\/\/urbanef.web34.fr\/site\/wp-json\/wp\/v2\/pages\/957\/revisions"}],"wp:attachment":[{"href":"https:\/\/urbanef.web34.fr\/site\/wp-json\/wp\/v2\/media?parent=957"}],"curies":[{"name":"wp","href":"https:\/\/api.w.org\/{rel}","templated":true}]}}